{"id":4448,"date":"2021-08-11T19:59:21","date_gmt":"2021-08-11T17:59:21","guid":{"rendered":"https:\/\/dolcos.it\/?page_id=4448"},"modified":"2021-08-11T19:59:22","modified_gmt":"2021-08-11T17:59:22","slug":"cookie-policy","status":"publish","type":"page","link":"https:\/\/dolcos.com\/en\/cookie-policy\/","title":{"rendered":"Cookie Policy"},"content":{"rendered":"<div class=\"wpb-content-wrapper\"><p>[vc_row hide_bg_image_on_tablet=&#8221;&#8221; hide_bg_image_on_mobile=&#8221;&#8221; css=&#8221;.vc_custom_1609790361567{margin-bottom: 50px !important;padding-top: 30px !important;padding-bottom: 30px !important;background-color: #f7f8f9 !important;}&#8221;][vc_column icons_position=&#8221;left&#8221;][vc_column_text]In questa pagina sono descritte le modalit\u00e0 di utilizzo dei cookies da parte del presente sito web (definito a seguire come &#8220;Sito&#8221;). Puoi trovare altre informazioni utili relative alla tua privacy e al gestore dei dati (definito a seguire come &#8220;Titolare del Sito&#8221;) alla pagina\u00a0<a href=\"\/en\/privacy-policy\/\">Privacy Policy<\/a>\u00a0del sito.<\/p>\n<h3>COSA SONO I COOKIES?<\/h3>\n<p>I &#8220;cookies&#8221; (o &#8220;cookie&#8221;) sono piccoli file di testo che un sito crea nelle directory utilizzate dal browser dei suoi visitatori. I cookies raccolgono alcune informazioni sull&#8217;uso che il visitatore fa di un dato sito.<br \/>\nGli utenti che visitano il sito vedranno inserite delle quantit\u00e0 minime di informazioni nei loro dispositivi (computer, tablet e smartphone) che utilizzano per navigare il sito.<\/p>\n<p>I cookies permettono, a titolo di esempio, di:<\/p>\n<ul>\n<li>analizzare l&#8217;utilizzo che l&#8217;utente fa dei servizi e dei contenuti forniti dal sito, cosicch\u00e9 il proprietario del sito possa ottimizzarne l&#8217;esperienza di navigazione e i servizi offerti;<\/li>\n<li>visualizzare contenuti video (ad esempio di Youtube);<\/li>\n<li>visualizzare le mappe di Google Maps;<\/li>\n<li>visualizzare gli estratti e i pulsanti di condivisione dei social network;<\/li>\n<\/ul>\n<h3>DOVE VENGONO MEMORIZZATI I COOKIES?<\/h3>\n<p>Sull&#8217;hard disk (o sull&#8217;unit\u00e0 di memoria) del dispositivo che il visitatore sta utilizzando per visitare il Sito.<\/p>\n<h3>COME VISITATORE, POSSO DISABILITARE UNO O PI\u00d9 COOKIES?<\/h3>\n<p>S\u00ec, \u00e8 possibile, attraverso le funzioni disponibili nel tuo browser (vedi a seguire).<\/p>\n<h3>COME POSSONO ESSERE CLASSIFICATI I COOKIES?<\/h3>\n<p>I cookies possono essere classificati a seconda del sito che li genera, a seconda della durata e a seconda della loro finalit\u00e0 d&#8217;uso.<\/p>\n<h3>CLASSIFICAZIONE DEI COOKIES A SECONDA DEL SITO CHE LI GENERA<\/h3>\n<ul>\n<li>Cookies di Prima Parte: sono generati dal sito che stai visitando, e solo tale sito pu\u00f2 leggere questi dati.<\/li>\n<li>Cookies di Terze Parti: sono generati da altri siti, al di fuori di quello che stai visitando. Quando visiti una pagina su un sito, potresti incontrare contenuti inseriti da siti esterni quali Facebook, Twitter, YouTube, Vimeo, Flickr o altri, e tali siti potrebbero generare dei cookies. Il nostro Sito non ha controllo su di essi. Ti preghiamo di controllare tali siti e la loro Privacy Policy (vedi elenco a seguire) se desideri avere ulteriori informazioni, oltre a quelle che puoi provare sul nostro Sito, su tali cookies.<\/li>\n<\/ul>\n<h3>CLASSIFICAZIONE DEI COOKIES A SECONDA DELLA LORO DURATA<\/h3>\n<ul>\n<li>Cookies temporanei (o di sessione): non hanno una data di scadenza, e sono cancellati non appena termina la sessione di navigazione o viene chiuso il browser.<\/li>\n<li>Cookies persistenti: hanno una data di scadenza (indicata qui di seguito per ogni singolo cookie) e restano sul computer anche quando termina la sessione di navigazione o dopo aver chiuso il browser. Possono essere letti dal sito che li ha creati nelle successive visite allo stesso sito.<\/li>\n<\/ul>\n<h3>CLASSIFICAZIONE DEI COOKIES A SECONDA DELLE LORO FINALIT\u00c0 D&#8217;USO<\/h3>\n<ul>\n<li>Cookies tecnici<\/li>\n<li>Cookies di profilazione<\/li>\n<li>Cookies di analisi<\/li>\n<\/ul>\n<p>In dettaglio combinando le classificazioni abbiamo:<\/p>\n<p><strong>Cookies Tecnici di prima parte:<\/strong>\u00a0Questa tipologia di cookie permette il corretto funzionamento di alcune sezioni del Sito. Sono di due categorie, temporanei (o di sessione) e persistenti (vedi sopra). Questi cookies sono necessari a visualizzare correttamente il sito e in relazione ai servizi tecnici offerti, verranno quindi sempre utilizzati e inviati, a meno che il visitatore non modifichi le impostazioni del browser (con la possibilit\u00e0 per\u00f2 di non sfruttare al meglio o rendere inutilizzabili alcuni servizi offerti dal sito).<\/p>\n<p><strong>Cookies Tecnici per integrare funzioni di terze parti:<\/strong>\u00a0Questa tipologia di cookies integra funzionalit\u00e0 sviluppate da terzi all&#8217;interno delle pagine del sito come le icone e le preferenze espresse nei social network al fine di condivisione dei contenuti del sito o per l&#8217;uso di servizi software di terze parti (come i software per generare le mappe e ulteriori software che offrono servizi aggiuntivi). Questi cookies sono inviati da domini di terze parti e da siti partner che offrono le loro funzionalit\u00e0 tra le pagine del sito.<\/p>\n<p><strong>Cookies di analisi di servizi di terze parti:<\/strong>\u00a0Questi cookies sono utilizzati al fine di raccogliere informazioni sull&#8217;uso del sito da parte degli utenti: pagine visitate, tempo di permanenza sul sito, origini del traffico di provenienza, provenienza geografica, et\u00e0, genere e interessi ai fini di campagne di marketing. Questi cookie sono inviati da domini di terze parti esterni al sito e secondo la normativa vigente possono essere assimilati a cookies tecnici\u00a0<em>&#8220;qualora siano adottati strumenti che riducano il potere identificativo e la terza parte non incroci le informazioni raccolte con altre di cui gi\u00e0 dispone&#8221;<\/em>\u00a0oppure possono essere assimilati a cookies di profilazione in caso contrario.<\/p>\n<p><strong>Cookies di profilazione:<\/strong>\u00a0Sono quei cookies necessari a creare profili utente al fine di inviare messaggi pubblicitari in linea con le preferenze manifestate dall&#8217;utente all&#8217;interno delle pagine del sito.<\/p>\n<h3>TIPOLOGIE DI COOKIES IN USO SU QUESTO SITO<\/h3>\n<p>Questo Sito utilizza esclusivamente cookies tecnici di prima o terza parte e cookies analitici che adottando sistemi che ne riducono il potere identificativo. In particolare per quanto riguarda i cookies del servizio di statistiche offerto da Google Analytics (vedi sotto), essi possono essere considerati alla pari dei cookies tecnici, per due ragioni:<\/p>\n<ul>\n<li>raccolgono dati in forma &#8220;aggregata&#8221;, non riconducibili a singoli utenti identificati o identificabili;<\/li>\n<li>\u00e8 stata attivata esplicitamente l&#8217;anonimizzazione dell&#8217;IP del dispositivo di collegamento dell&#8217;utente (computer, smartphone o tablet) che diviene quindi irriconoscibile;<\/li>\n<\/ul>\n<p><strong>Pertanto, secondo la normativa vigente, il presente Sito non \u00e8 tenuto a chiedere consenso per i cookie tecnici, necessari al normale funzionamento del Sito.<\/strong><\/p>\n<p>L&#8217;Utente ha tuttavia la facolt\u00e0 di negare il consenso all&#8217;utilizzo di tutti i cookies con una o pi\u00f9 di una delle seguenti modalit\u00e0:<\/p>\n<ul>\n<li>mediante specifiche configurazioni del browser utilizzato o dei relativi programmi informatici utilizzati per navigare le pagine che compongono il Sito (vedi a seguire);<\/li>\n<li>mediante modifica delle impostazioni nell&#8217;uso dei servizi di terze parti;<\/li>\n<\/ul>\n<p>Entrambe queste soluzioni potrebbero impedire all&#8217;utente di utilizzare o visualizzare parti del Sito.<\/p>\n<h3>COOKIES CHE POTREBBERO ESSERE IN USO SU QUESTO SITO<\/h3>\n<table class=\"table table-striped tabelladati\">\n<tbody>\n<tr>\n<th>COOKIE<\/th>\n<th>DURATA<\/th>\n<th>TIPOLOGIA<\/th>\n<th>FINALIT\u00c0<\/th>\n<\/tr>\n<tr>\n<td><strong>_ga<\/strong><\/td>\n<td>2 anni<\/td>\n<td>Google Analytics<\/td>\n<td>Serve a distinguere in forma anonima un visitatore da un altro.<\/td>\n<\/tr>\n<tr>\n<td><strong>_gat<\/strong><\/td>\n<td>10 minuti<\/td>\n<td>Google Analytics<\/td>\n<td>Serve a velocizzare le interrogazioni al server Google.<\/td>\n<\/tr>\n<tr>\n<td><strong>__utma<\/strong><\/td>\n<td>2 anni<\/td>\n<td>Google Analytics<\/td>\n<td>Serve a distinguere in forma anonima i visitatori e le sessioni.<\/td>\n<\/tr>\n<tr>\n<td><strong>__utmt<\/strong><\/td>\n<td>2 anni<\/td>\n<td>Google Analytics<\/td>\n<td>Serve a velocizzare le interrogazioni al server Google.<\/td>\n<\/tr>\n<tr>\n<td><strong>__utmb<\/strong><\/td>\n<td>30 minuti<\/td>\n<td>Google Analytics<\/td>\n<td>Serve a riconoscere in forma anonima nuovi visitatori e nuove sessioni.<\/td>\n<\/tr>\n<tr>\n<td><strong>__utmc<\/strong><\/td>\n<td>Sessione del browser<\/td>\n<td>Google Analytics<\/td>\n<td>Usato in correlazione a __utmb per riconoscere in forma anonima nuovi visitatori e nuove sessioni.<\/td>\n<\/tr>\n<tr>\n<td><strong>__utmz<\/strong><\/td>\n<td>6 mesi<\/td>\n<td>Google Analytics<\/td>\n<td>Serve a tenere traccia in forma anonima da dove i visitatori arrivano sul sito.<\/td>\n<\/tr>\n<tr>\n<td><strong>__utmv<\/strong><\/td>\n<td>2 anni<\/td>\n<td>Google Analytics<\/td>\n<td>Serve a tenere traccia delle variabili impostate per Google Analytics.<\/td>\n<\/tr>\n<\/tbody>\n<\/table>\n<h3>COME CONTROLLARE E CANCELLARE I COOKIES<\/h3>\n<p>La maggioranza dei browser internet sono inizialmente impostati per accettare i cookie in modo automatico. L&#8217;utente ha la possibilit\u00e0, in ogni momento, di impostare il proprio browser in modo da accettare tutti i cookie, solo alcuni, oppure di rifiutarli, disabilitandone l&#8217;uso da parte dei siti. L&#8217;utente, inoltre, pu\u00f2 normalmente impostare le preferenze del proprio browser in modo tale da essere avvisato ogni volta che un cookie viene memorizzato nella memoria del suo computer.<\/p>\n<p>Al termine di ogni sessione di navigazione, l&#8217;utente pu\u00f2 cancellare dal proprio disco fisso i cookie raccolti.<\/p>\n<p>Se si vogliono eliminare i cookie installati nella cartella dei cookie del browser utilizzato, occorre rammentare che ciascun browser presenta procedure diverse per la gestione delle impostazioni.<\/p>\n<p>Selezionando i collegamenti sottostanti si possono ottenere istruzioni specifiche per alcuni dei principali browser.<\/p>\n<p><strong>Microsoft Windows Explorer<\/strong><\/p>\n<p><a href=\"http:\/\/windows.microsoft.com\/en-us\/windows-vista\/block-or-allow-cookies\" target=\"_blank\" rel=\"noopener\">http:\/\/windows.microsoft.com\/en-us\/windows-vista\/block-or-allow-cookies<\/a><\/p>\n<p><strong>Google Chrome<\/strong><\/p>\n<p><a href=\"https:\/\/support.google.com\/chrome\/bin\/answer.py?hl=en&amp;answer=95647&amp;p=cpn_cookies\" target=\"_blank\" rel=\"noopener\">https:\/\/support.google.com\/chrome\/bin\/answer.py?hl=en&amp;answer=95647&amp;p=cpn_cookies<\/a><\/p>\n<p><strong>Mozilla Firefox<\/strong><\/p>\n<p><a href=\"http:\/\/support.mozilla.org\/en-US\/kb\/Enabling%20and%20disabling%20cookies\" target=\"_blank\" rel=\"noopener\">http:\/\/support.mozilla.org\/en-US\/kb\/Enabling%20and%20disabling%20cookies<\/a><\/p>\n<p><strong>Apple Safari<\/strong><\/p>\n<p><a href=\"http:\/\/support.apple.com\/kb\/HT1677?viewlocale=it_IT\" target=\"_blank\" rel=\"noopener\">http:\/\/support.apple.com\/kb\/HT1677?viewlocale=it_IT<\/a><\/p>\n<h3>ULTERIORI INFORMAZIONI SUI COOKIES DI GOOGLE ANALYTICS<\/h3>\n<p>Si tratta di Cookies di Terze Parti, in quanto per essi \u00e8 responsabile Google, che fornisce il servizio. Google Analytics \u00e8 un servizio di Google di statistiche sulle visite nel Sito e rende disponibili i dati al titolare del Sito in forma anonima e &#8220;aggregata&#8221;, nel senso che non \u00e8 possibile ricollegare i dati delle statistiche alle singole persone che hanno visitato il Sito. Come gi\u00e0 detto sui cookies di Google Analytics in uso su questo sito sono adottati strumenti che riducono il potere identificativo e la terza parte non \u00e8 in grado quindi di incrociare le informazioni raccolte con altre di cui gi\u00e0 dispone. Per bloccare comunque i cookies di Analytics si faccia riferimento a questa\u00a0<a href=\"https:\/\/tools.google.com\/dlpage\/gaoptout\/\" target=\"_blank\" rel=\"noopener\">pagina<\/a>.<\/p>\n<h3>ULTERIORI INFORMAZIONI SUI COOKIES DI GOOGLE MAPS<\/h3>\n<p>Si tratta di Cookies di Terze Parti, in quanto per essi \u00e8 responsabile Google, che fornisce il servizio. Google Maps \u00e8 un servizio di Google che permette la generazione sul Sito di mappe dinamiche, come ad esempio la tipica mappa nella pagina &#8220;Dove siamo&#8221;.<\/p>\n<h3>SITI WEB E SERVIZI DI TERZE PARTI<\/h3>\n<p>Il nostro Sito potrebbe contenere collegamenti ad altri siti web che dispongono di una propria informativa sui cookies che pu\u00f2 essere diversa da quella adottata dal nostro Sito. Noi non rispondiamo di questo e ti invitiamo a documentarti all&#8217;interno di tali siti.<\/p>\n<h3>VISIBILIT\u00c0 DELLA PRESENTE PAGINA NEL SITO<\/h3>\n<p>Questa pagina \u00e8 visibile mediante link in calce in tutte le pagine del Sito, ai sensi dell\u2019art. 13 del Regolamento UE 2016\/679, e a seguito delle modalit\u00e0 semplificate per l&#8217;informativa e l&#8217;acquisizione del consenso per l&#8217;uso dei cookie, pubblicata sulla Gazzetta Ufficiale n.126 del 3 giugno 2014 e relativo registro dei provvedimenti n.229 dell&#8217;8 maggio 2014.<\/p>\n<h3>MODIFICHE AL SITO<\/h3>\n<p>Il Titolare del Sito si riserva il diritto di modificare i contenuti del Sito in qualsiasi momento e senza alcun preavviso. L&#8217;utente accetta di essere vincolato a tali eventuali e future revisioni e si impegna, pertanto, a visitare periodicamente il Sito per essere informato su eventuali variazioni.<\/p>\n<h3>MODIFICHE ALLA PRESENTE PAGINA<\/h3>\n<p>Il Titolare del Sito si riserva il diritto di modificare i contenuti della presente pagina in qualsiasi momento e senza alcun preavviso. L&#8217;utente accetta di essere vincolato a tali eventuali e future revisioni e si impegna, pertanto, a visitare periodicamente il Sito per essere informato su eventuali variazioni.[\/vc_column_text][\/vc_column][\/vc_row][vc_row full_width=&#8221;stretch_row&#8221; inverse=&#8221;yes&#8221; css=&#8221;.vc_custom_1610057392809{margin-top: 8em !important;background-image: url(https:\/\/dolcos.com\/wp-content\/uploads\/2020\/12\/dolcos-bg-footer.jpg?id=3706) !important;}&#8221;][vc_column]<div id=\"sc_call_to_action_1358694254\" class=\"sc_call_to_action sc_call_to_action_style_2 sc_call_to_action_align_center\" style=\"margin-top:11em;margin-bottom:11em;width:100%;\"><div class=\"sc_call_to_action_info\"><h2 class=\"sc_call_to_action_title sc_item_title\">CONTATTACI<\/h2><div class=\"sc_call_to_action_descr sc_item_descr\">Saremo lieti di risponderti per ogni informazione.<\/div><\/div><div class=\"sc_call_to_action_buttons sc_item_buttons\"><div class=\"sc_call_to_action_button sc_item_button\"><a href=\"\/contatti\/\" class=\"sc_button sc_button_square sc_button_style_filled sc_button_size_base\"><div><span class=\"first\">Richiedi contatto<\/span><span class=\"second\">Richiedi contatto<\/span><\/div><\/a><\/div><\/div><\/div>[\/vc_column][\/vc_row][vc_row][vc_column]<a href=\"#\" class=\"sc_icon icon-up sc_icon_shape_square aligncenter scroll_to_top icon-up show\" style=\"display:block;bottom: auto; right: auto;; margin-top:-25px;margin-bottom:0px;font-size:18px;color:#ffffff;background-color:#f9a392;border-color:#f9a392;\"><\/a>[\/vc_column][\/vc_row]<\/p>\n<\/div>","protected":false},"excerpt":{"rendered":"<p>[vc_row hide_bg_image_on_tablet=&#8221;&#8221; hide_bg_image_on_mobile=&#8221;&#8221; css=&#8221;.vc_custom_1609790361567{margin-bottom: 50px !important;padding-top: 30px !important;padding-bottom: 30px !important;background-color: #f7f8f9 !important;}&#8221;][vc_column icons_position=&#8221;left&#8221;][vc_column_text]In questa pagina sono descritte le modalit\u00e0 di utilizzo dei cookies da parte del presente sito web (definito a seguire come &#8220;Sito&#8221;). Puoi trovare altre informazioni utili relative alla tua privacy e al gestore dei dati (definito a seguire come &#8220;Titolare del Sito&#8221;) [&hellip;]<\/p>\n","protected":false},"author":1,"featured_media":0,"parent":0,"menu_order":99,"comment_status":"closed","ping_status":"closed","template":"","meta":{"footnotes":""},"class_list":["post-4448","page","type-page","status-publish","hentry"],"_links":{"self":[{"href":"https:\/\/dolcos.com\/en\/wp-json\/wp\/v2\/pages\/4448","targetHints":{"allow":["GET"]}}],"collection":[{"href":"https:\/\/dolcos.com\/en\/wp-json\/wp\/v2\/pages"}],"about":[{"href":"https:\/\/dolcos.com\/en\/wp-json\/wp\/v2\/types\/page"}],"author":[{"embeddable":true,"href":"https:\/\/dolcos.com\/en\/wp-json\/wp\/v2\/users\/1"}],"replies":[{"embeddable":true,"href":"https:\/\/dolcos.com\/en\/wp-json\/wp\/v2\/comments?post=4448"}],"version-history":[{"count":2,"href":"https:\/\/dolcos.com\/en\/wp-json\/wp\/v2\/pages\/4448\/revisions"}],"predecessor-version":[{"id":4450,"href":"https:\/\/dolcos.com\/en\/wp-json\/wp\/v2\/pages\/4448\/revisions\/4450"}],"wp:attachment":[{"href":"https:\/\/dolcos.com\/en\/wp-json\/wp\/v2\/media?parent=4448"}],"curies":[{"name":"wp","href":"https:\/\/api.w.org\/{rel}","templated":true}]}}