{"id":4445,"date":"2021-08-11T19:58:31","date_gmt":"2021-08-11T17:58:31","guid":{"rendered":"https:\/\/dolcos.it\/?page_id=4445"},"modified":"2021-08-11T19:58:32","modified_gmt":"2021-08-11T17:58:32","slug":"privacy-policy","status":"publish","type":"page","link":"https:\/\/dolcos.com\/en\/privacy-policy\/","title":{"rendered":"Privacy Policy"},"content":{"rendered":"<div class=\"wpb-content-wrapper\"><p>[vc_row hide_bg_image_on_tablet=&#8221;&#8221; hide_bg_image_on_mobile=&#8221;&#8221; css=&#8221;.vc_custom_1609790361567{margin-bottom: 50px !important;padding-top: 30px !important;padding-bottom: 30px !important;background-color: #f7f8f9 !important;}&#8221;][vc_column icons_position=&#8221;left&#8221;][vc_column_text]<\/p>\n<h3>1. PERCH\u00c9 QUESTA INFORMATIVA<\/h3>\n<p>Con la presente informativa, si intende illustrare la modalit\u00e0 di gestione del sito\u00a0<strong>dolcos.com<\/strong>, in riferimento al trattamento dei dati personali degli utenti che lo consultano.<\/p>\n<p>Si tratta di una informativa resa ai sensi degli artt. 13 e 14 del Regolamento UE n. 679\/2016 del 27.04.2016 relativo alla protezione delle persone fisiche con riguardo al trattamento dei dati personali, nonch\u00e9 alla libera circolazione di tali dati, a coloro che interagiscono con i servizi web di\u00a0<strong>Dolcos<\/strong>, accessibili per via telematica a partire dall&#8217;indirizzo\u00a0<strong>dolcos.com<\/strong>.<\/p>\n<p>L&#8217;informativa \u00e8 resa esclusivamente per il sito\u00a0<strong>dolcos.com<\/strong>, e non anche per altri siti web eventualmente consultati dall&#8217;utente tramite link.[\/vc_column_text][\/vc_column][\/vc_row][vc_row hide_bg_image_on_tablet=&#8221;&#8221; hide_bg_image_on_mobile=&#8221;&#8221; css=&#8221;.vc_custom_1609790361567{margin-bottom: 50px !important;padding-top: 30px !important;padding-bottom: 30px !important;background-color: #f7f8f9 !important;}&#8221;][vc_column icons_position=&#8221;left&#8221;][vc_column_text]<\/p>\n<h3>2. TITOLARE DEL TRATTAMENTO<\/h3>\n<p>A seguito della consultazione del sito, possono essere trattati dati relativi a persone identificate o identificabili; il titolare del loro trattamento \u00e8\u00a0<strong>Dolcos Srl<\/strong>.[\/vc_column_text][\/vc_column][\/vc_row][vc_row hide_bg_image_on_tablet=&#8221;&#8221; hide_bg_image_on_mobile=&#8221;&#8221; css=&#8221;.vc_custom_1609790361567{margin-bottom: 50px !important;padding-top: 30px !important;padding-bottom: 30px !important;background-color: #f7f8f9 !important;}&#8221;][vc_column icons_position=&#8221;left&#8221;][vc_column_text]<\/p>\n<h3>3. LE CATEGORIE DI DATI PERSONALI OGGETTO DI TRATTAMENTO<\/h3>\n<h4>Dati di navigazione<\/h4>\n<p>I sistemi informatici e le procedure\u00a0<em>software<\/em>\u00a0preposte al funzionamento del sito acquisiscono, nel corso del loro normale esercizio, alcuni dati personali la cui trasmissione \u00e8 implicita nell&#8217;uso dei protocolli di comunicazione di Internet.<\/p>\n<p>Si tratta di informazioni che non sono raccolte per essere associate a interessati identificati, ma che per loro stessa natura potrebbero, attraverso elaborazioni ed associazioni con dati detenuti da terzi, permettere di identificare gli utenti.<\/p>\n<p>In questa categoria di dati rientrano gli indirizzi IP o i nomi a dominio dei computer utilizzati dagli utenti che si connettono al sito, gli indirizzi in notazione URI (Uniform Resource Identifier) delle risorse richieste, l&#8217;orario della richiesta, il metodo utilizzato nel sottoporre la richiesta al server, la dimensione del file ottenuto in risposta, il codice numerico indicante lo stato della risposta data dal server (buon fine, errore, ecc.) ed altri parametri relativi al sistema operativo e all&#8217;ambiente informatico dell&#8217;utente.<\/p>\n<p>Questi dati vengono utilizzati al solo fine di ricavare informazioni statistiche anonime sull&#8217;uso del sito e per controllarne il corretto funzionamento.<\/p>\n<p>I dati potrebbero essere utilizzati per l&#8217;accertamento di responsabilit\u00e0 in caso di ipotetici reati informatici ai danni del sito: salva questa eventualit\u00e0, allo stato i dati sui contatti web vengono cancellati immediatamente dopo l&#8217;elaborazione.<\/p>\n<h4>Dati forniti volontariamente dall&#8217;utente<\/h4>\n<p>L&#8217;invio facoltativo, esplicito e volontario di posta elettronica agli indirizzi indicati su questo sito comporta la successiva acquisizione dell&#8217;indirizzo del mittente, necessario per rispondere alle richieste, nonch\u00e9 degli eventuali altri dati personali inseriti nel messaggio.<\/p>\n<p>L&#8217;utente si assume ogni responsabilit\u00e0 qualora riferisca dati personali di terzi e garantisce di avere il diritto di comunicarli o diffonderli, liberando il titolare del trattamento da qualsiasi responsabilit\u00e0 verso terzi.<\/p>\n<p>Gli utenti che intendono inviare, tramite il sito, il loro\u00a0<em>curriculum vitae<\/em>, sono invitati a prestare la dovuta attenzione a quanto indicato nella presente informativa circa il trattamento dei dati ivi inseriti e a non riportare dati qualificati come sensibili (ossia idonei a rivelare l&#8217;origine razziale ed etnica, convinzioni religiose e filosofiche, opinioni politiche, adesione a partiti politici, sindacati, associazioni ed organizzazioni a carattere religioso, filosofico, politico o sindacale, o dati idonei a rivelare lo stato di salute e la vita sessuale).<\/p>\n<p>Apposite richieste di consenso possono essere riportate o visualizzate nelle pagine del sito predisposte per particolari servizi a richiesta.<\/p>\n<h4>Cookies<\/h4>\n<p>I dati personali degli utenti possono essere raccolti anche tramite\u00a0<em>cookies<\/em>. Per dettagli relativi all&#8217;uso dei cookies rimandiamo alla pagina &#8220;<a href=\"https:\/\/dolcos.com\/it\/informativa-cookies.html\">Informativa cookies<\/a>&#8220;.[\/vc_column_text][\/vc_column][\/vc_row][vc_row hide_bg_image_on_tablet=&#8221;&#8221; hide_bg_image_on_mobile=&#8221;&#8221; css=&#8221;.vc_custom_1609790361567{margin-bottom: 50px !important;padding-top: 30px !important;padding-bottom: 30px !important;background-color: #f7f8f9 !important;}&#8221;][vc_column icons_position=&#8221;left&#8221;][vc_column_text]<\/p>\n<h3>4. LE FINALIT\u00c0 E LA BASE GIURIDICA DEL TRATTAMENTO &#8211; NATURA OBBLIGATORIA O FACOLTATIVA DEL CONFERIMENTO DEI DATI<\/h3>\n<p>Il trattamento dei dati \u00e8 finalizzato alla conclusione ed all&#8217;esecuzione di contratti e\/o incarichi professionali inerenti l&#8217;attivit\u00e0 imprenditoriale e\/o professionale svolta dal titolare del trattamento, precedute da eventuale comunicazione di preventivo e\/o dei dettagli dell&#8217;attivit\u00e0 svolta, nonch\u00e8 all&#8217;adempimento di obblighi legali e fiscali ed alla ricerca e\/o analisi statistica su dati aggregati o anonimi, senza identificazione dell&#8217;utente, per monitorare il funzionamento del sito\u00a0<strong>dolcos.com<\/strong>.<\/p>\n<p>La base giuridica di trattamento dei dati personali \u00e8 pertanto l&#8217;adempimento contrattuale e precontrattuale e la necessit\u00e0 di adempimento ad obblighi legali e fiscali.<\/p>\n<p>Gli indirizzi email che gli utenti forniscono possono essere utilizzati per rispondere alle loro richieste. Se un utente si iscrive alla nostra mailing list, ricever\u00e0 email che possono includere news, aggiornamenti, informazioni relative a prodotti o servizi, ecc. Se, in qualsiasi momento, l&#8217;utente desiderasse disdire la ricezione di email in futuro, trover\u00e0 istruzioni dettagliate di cancellazione in calce ad ogni mail ricevuta.<\/p>\n<p>A parte quanto specificato per i dati di navigazione, l&#8217;utente \u00e8 libero di fornire i dati personali per le finalit\u00e0 in base alle quali si connette al sito. La mancata comunicazione dei dati pu\u00f2 comportare, per\u00f2, quale conseguenza, l&#8217;impossibilit\u00e0 di riscontrare la richiesta dell&#8217;utente.[\/vc_column_text][\/vc_column][\/vc_row][vc_row hide_bg_image_on_tablet=&#8221;&#8221; hide_bg_image_on_mobile=&#8221;&#8221; css=&#8221;.vc_custom_1609790361567{margin-bottom: 50px !important;padding-top: 30px !important;padding-bottom: 30px !important;background-color: #f7f8f9 !important;}&#8221;][vc_column icons_position=&#8221;left&#8221;][vc_column_text]<\/p>\n<h3>5. I DESTINATARI DEI DATI PERSONALI<\/h3>\n<p>I possibili destinatari dei dati personali degli utenti, avuto riguardo alle finalit\u00e0 di cui al punto 4., sono il titolare del trattamento, gli incaricati autorizzati dal titolare stesso ed in ogni caso tutti i soggetti (Istituti di Credito, Consulenti e liberi professionisti, singoli ed associati) necessari per l&#8217;erogazione dei servizi ed il conseguimento delle finalit\u00e0 stesse, che si siano impegnati alla riservatezza ed abbiano un obbligo legale di riservatezza.[\/vc_column_text][\/vc_column][\/vc_row][vc_row hide_bg_image_on_tablet=&#8221;&#8221; hide_bg_image_on_mobile=&#8221;&#8221; css=&#8221;.vc_custom_1609790361567{margin-bottom: 50px !important;padding-top: 30px !important;padding-bottom: 30px !important;background-color: #f7f8f9 !important;}&#8221;][vc_column icons_position=&#8221;left&#8221;][vc_column_text]<\/p>\n<h3>6. LA CONSERVAZIONE DEI DATI PERSONALI<\/h3>\n<p>I dati personali sono trattati per il tempo strettamente necessario a conseguire le finalit\u00e0 di cui al punto 4. per cui sono stati raccolti, salvo necessit\u00e0 di conservazione di carattere fiscale. Specifiche misure di sicurezza sono osservate per prevenire la perdita dei dati, usi illeciti o non corretti ed accessi non autorizzati. I dati personali saranno conservati per una durata massima di 10 anni e\/o fino alla conclusione del rapporto.[\/vc_column_text][\/vc_column][\/vc_row][vc_row hide_bg_image_on_tablet=&#8221;&#8221; hide_bg_image_on_mobile=&#8221;&#8221; css=&#8221;.vc_custom_1609790361567{margin-bottom: 50px !important;padding-top: 30px !important;padding-bottom: 30px !important;background-color: #f7f8f9 !important;}&#8221;][vc_column icons_position=&#8221;left&#8221;][vc_column_text]<\/p>\n<h3>7. DIRITTI DEGLI INTERESSATI<\/h3>\n<p>I soggetti cui si riferiscono i dati personali hanno il diritto in qualunque momento di chiedere al titolare del trattamento l&#8217;accesso a tali dati, nonch\u00e9 la rettifica o la cancellazione degli stessi o la limitazione del trattamento, nonch\u00e9 di opporsi in ogni caso, per motivi legittimi, al loro trattamento, oltre al diritto di ricevere i dati personali forniti in un formato strutturato, di uso comune e leggibile da dispositivo automatico.<\/p>\n<p>Gli interessati hanno anche il diritto di revocare il consenso eventualmente dato al trattamento dei propri dati, in qualsiasi momento, senza pregiudicare la liceit\u00e0 del trattamento basata sul consenso prima della revoca.<\/p>\n<p>Gli interessati hanno in ogni caso il diritto di proporre reclamo all&#8217;autorit\u00e0 di controllo competente, ossia il Garante per la Protezione dei Dati Personali, qualora ritenessero che il trattamento dei loro dati personali violi la normativa vigente.<\/p>\n<p>L&#8217;esercizio di tali diritti pu\u00f2 essere esercitato mediante comunicazione scritta da inviare a mezzo PEC o a mezzo raccomandata a\/r agli indirizzi indicati nella pagina &#8220;Contatti&#8221; del sito\u00a0<strong>dolcos.com<\/strong>.[\/vc_column_text][\/vc_column][\/vc_row][vc_row hide_bg_image_on_tablet=&#8221;&#8221; hide_bg_image_on_mobile=&#8221;&#8221;][vc_column icons_position=&#8221;left&#8221;][vc_column_text]<\/p>\n<p style=\"text-align: right;\"><em>Questo documento \u00e8 stato aggiornato il 24\/05\/2018<\/em><\/p>\n<p>[\/vc_column_text][\/vc_column][\/vc_row][vc_row full_width=&#8221;stretch_row&#8221; inverse=&#8221;yes&#8221; css=&#8221;.vc_custom_1610057392809{margin-top: 8em !important;background-image: url(https:\/\/dolcos.com\/wp-content\/uploads\/2020\/12\/dolcos-bg-footer.jpg?id=3706) !important;}&#8221;][vc_column]<div id=\"sc_call_to_action_184143755\" class=\"sc_call_to_action sc_call_to_action_style_2 sc_call_to_action_align_center\" style=\"margin-top:11em;margin-bottom:11em;width:100%;\"><div class=\"sc_call_to_action_info\"><h2 class=\"sc_call_to_action_title sc_item_title\">CONTATTACI<\/h2><div class=\"sc_call_to_action_descr sc_item_descr\">Saremo lieti di risponderti per ogni informazione.<\/div><\/div><div class=\"sc_call_to_action_buttons sc_item_buttons\"><div class=\"sc_call_to_action_button sc_item_button\"><a href=\"\/contatti\/\" class=\"sc_button sc_button_square sc_button_style_filled sc_button_size_base\"><div><span class=\"first\">Richiedi contatto<\/span><span class=\"second\">Richiedi contatto<\/span><\/div><\/a><\/div><\/div><\/div>[\/vc_column][\/vc_row][vc_row][vc_column]<a href=\"#\" class=\"sc_icon icon-up sc_icon_shape_square aligncenter scroll_to_top icon-up show\" style=\"display:block;bottom: auto; right: auto;; margin-top:-25px;margin-bottom:0px;font-size:18px;color:#ffffff;background-color:#f9a392;border-color:#f9a392;\"><\/a>[\/vc_column][\/vc_row]<\/p>\n<\/div>","protected":false},"excerpt":{"rendered":"<p>[vc_row hide_bg_image_on_tablet=&#8221;&#8221; hide_bg_image_on_mobile=&#8221;&#8221; css=&#8221;.vc_custom_1609790361567{margin-bottom: 50px !important;padding-top: 30px !important;padding-bottom: 30px !important;background-color: #f7f8f9 !important;}&#8221;][vc_column icons_position=&#8221;left&#8221;][vc_column_text] 1. PERCH\u00c9 QUESTA INFORMATIVA Con la presente informativa, si intende illustrare la modalit\u00e0 di gestione del sito\u00a0dolcos.com, in riferimento al trattamento dei dati personali degli utenti che lo consultano. Si tratta di una informativa resa ai sensi degli artt. 13 e 14 [&hellip;]<\/p>\n","protected":false},"author":1,"featured_media":0,"parent":0,"menu_order":99,"comment_status":"closed","ping_status":"closed","template":"","meta":{"footnotes":""},"class_list":["post-4445","page","type-page","status-publish","hentry"],"_links":{"self":[{"href":"https:\/\/dolcos.com\/en\/wp-json\/wp\/v2\/pages\/4445","targetHints":{"allow":["GET"]}}],"collection":[{"href":"https:\/\/dolcos.com\/en\/wp-json\/wp\/v2\/pages"}],"about":[{"href":"https:\/\/dolcos.com\/en\/wp-json\/wp\/v2\/types\/page"}],"author":[{"embeddable":true,"href":"https:\/\/dolcos.com\/en\/wp-json\/wp\/v2\/users\/1"}],"replies":[{"embeddable":true,"href":"https:\/\/dolcos.com\/en\/wp-json\/wp\/v2\/comments?post=4445"}],"version-history":[{"count":2,"href":"https:\/\/dolcos.com\/en\/wp-json\/wp\/v2\/pages\/4445\/revisions"}],"predecessor-version":[{"id":4447,"href":"https:\/\/dolcos.com\/en\/wp-json\/wp\/v2\/pages\/4445\/revisions\/4447"}],"wp:attachment":[{"href":"https:\/\/dolcos.com\/en\/wp-json\/wp\/v2\/media?parent=4445"}],"curies":[{"name":"wp","href":"https:\/\/api.w.org\/{rel}","templated":true}]}}